{"id":2,"date":"2013-11-06T11:55:36","date_gmt":"2013-11-06T11:55:36","guid":{"rendered":"http:\/\/famacon.com.ar\/bombas-solares\/?page_id=2"},"modified":"2021-05-28T21:30:42","modified_gmt":"2021-05-28T21:30:42","slug":"empresa","status":"publish","type":"page","link":"http:\/\/famacon.com.ar\/bombas-solares\/empresa\/","title":{"rendered":"Empresa"},"content":{"rendered":"\n<p><strong>Famacon S.A.<\/strong>&nbsp;se dedica a la importaci\u00f3n y venta de Bombas Sumergibles Solares Centrifugas y Helicoidales<\/p>\n\n\n\n<p>Con una importante cartera de clientes, vamos creciendo con el fin de posicionar nuestra marca en el mercado. Buscamos brindar productos de calidad a nuestros clientes.<\/p>\n\n\n\n<p>Proveemos soluciones para las personas, ganados y cultivo utilizando solamente la energ\u00eda solar. Nuestro producto va dirigido a todas aquellas personas que utilizando solamente la energ\u00eda solar pueden disponer f\u00e1cilmente del agua <\/p>\n\n\n\n<p>Nuestras Bombas son de f\u00e1cil instalaci\u00f3n, contamos con un equipo de ventas que podr\u00e1 asistirlo ante cualquier consulta o inquietud.<\/p>\n\n\n\n<p><\/p>\n\n\n\n<p>                                                                                                                                                                                             <\/p>\n","protected":false},"excerpt":{"rendered":"<p>Famacon S.A.&nbsp;se dedica a la importaci\u00f3n y venta de Bombas Sumergibles Solares Centrifugas y Helicoidales Con una importante cartera de clientes, vamos creciendo con el fin de posicionar nuestra marca en el mercado. Buscamos brindar productos de calidad a nuestros clientes. Proveemos soluciones para las personas, ganados y cultivo utilizando solamente la energ\u00eda solar. Nuestro [&hellip;]<\/p>\n","protected":false},"author":2,"featured_media":11,"parent":0,"menu_order":0,"comment_status":"open","ping_status":"open","template":"","meta":{"footnotes":""},"class_list":["post-2","page","type-page","status-publish","has-post-thumbnail","czr-hentry"],"_links":{"self":[{"href":"http:\/\/famacon.com.ar\/bombas-solares\/wp-json\/wp\/v2\/pages\/2","targetHints":{"allow":["GET"]}}],"collection":[{"href":"http:\/\/famacon.com.ar\/bombas-solares\/wp-json\/wp\/v2\/pages"}],"about":[{"href":"http:\/\/famacon.com.ar\/bombas-solares\/wp-json\/wp\/v2\/types\/page"}],"author":[{"embeddable":true,"href":"http:\/\/famacon.com.ar\/bombas-solares\/wp-json\/wp\/v2\/users\/2"}],"replies":[{"embeddable":true,"href":"http:\/\/famacon.com.ar\/bombas-solares\/wp-json\/wp\/v2\/comments?post=2"}],"version-history":[{"count":6,"href":"http:\/\/famacon.com.ar\/bombas-solares\/wp-json\/wp\/v2\/pages\/2\/revisions"}],"predecessor-version":[{"id":163,"href":"http:\/\/famacon.com.ar\/bombas-solares\/wp-json\/wp\/v2\/pages\/2\/revisions\/163"}],"wp:featuredmedia":[{"embeddable":true,"href":"http:\/\/famacon.com.ar\/bombas-solares\/wp-json\/wp\/v2\/media\/11"}],"wp:attachment":[{"href":"http:\/\/famacon.com.ar\/bombas-solares\/wp-json\/wp\/v2\/media?parent=2"}],"curies":[{"name":"wp","href":"https:\/\/api.w.org\/{rel}","templated":true}]}}